{"id":27069,"date":"2024-03-17T20:13:02","date_gmt":"2024-03-18T02:13:02","guid":{"rendered":"https:\/\/fullybeing.org\/suscripciones-grupales-con-descuento-a-traves-de-cupones\/"},"modified":"2024-05-13T09:45:20","modified_gmt":"2024-05-13T15:45:20","slug":"suscripciones-grupales-con-descuento-a-traves-de-cupones","status":"publish","type":"page","link":"https:\/\/fullybeing.org\/es\/suscripciones-grupales-con-descuento-a-traves-de-cupones\/","title":{"rendered":"Suscripciones Grupales con Descuento a trav\u00e9s de cupones"},"content":{"rendered":"\t\t<div data-elementor-type=\"wp-page\" data-elementor-id=\"27069\" class=\"elementor elementor-27069 elementor-26191\" data-elementor-post-type=\"page\">\n\t\t\t\t\t\t<section data-particle_enable=\"false\" data-particle-mobile-disabled=\"false\" class=\"elementor-section elementor-top-section elementor-element elementor-element-252f5cb4 elementor-section-boxed elementor-section-height-default elementor-section-height-default\" data-id=\"252f5cb4\" data-element_type=\"section\" data-e-type=\"section\">\n\t\t\t\t\t\t<div class=\"elementor-container elementor-column-gap-default\">\n\t\t\t\t\t<div class=\"elementor-column elementor-col-33 elementor-top-column elementor-element elementor-element-5500144\" data-id=\"5500144\" data-element_type=\"column\" data-e-type=\"column\">\n\t\t\t<div class=\"elementor-widget-wrap\">\n\t\t\t\t\t\t\t<\/div>\n\t\t<\/div>\n\t\t\t\t<div class=\"elementor-column elementor-col-33 elementor-top-column elementor-element elementor-element-4f5d607f\" data-id=\"4f5d607f\" data-element_type=\"column\" data-e-type=\"column\">\n\t\t\t<div class=\"elementor-widget-wrap elementor-element-populated\">\n\t\t\t\t\t\t<div class=\"elementor-element elementor-element-351da4d4 elementor-widget elementor-widget-text-editor\" data-id=\"351da4d4\" data-element_type=\"widget\" data-e-type=\"widget\" data-widget_type=\"text-editor.default\">\n\t\t\t\t<div class=\"elementor-widget-container\">\n\t\t\t\t\t\t\t\t\t<p style=\"text-align: center;\"><b><i>MODO DE PRUEBA BETA<\/i><\/b><\/p>\n<p>Los c\u00f3digos de descuento le permiten a los miembros individuales de un grupo comprar una suscripci\u00f3n a Ser Plenamente de forma directa, sin necesidad de hacerlo a trav\u00e9s del l\u00edder del grupo (ver la opci\u00f3n alternativa: <a href=\"https:\/\/fullybeing.org\/es\/planes-familiares-y-grupales\/\">https:\/\/fullybeing.org\/group-plans<\/a>).<\/p>\n<p><b>\u00bfC\u00f3mo funciona? <\/b>Los l\u00edderes de grupos que han sido pre-aprobados pueden solicitar c\u00f3digos de descuento que proveen tarifas reducidas para las suscripciones de Ser Plenamente para los miembros del grupo ($10\/mes o $80\/a\u00f1o).<\/p>\n<p>Una vez aprobado, el l\u00edder del grupo necesita enviarnos la direcci\u00f3n de correo electr\u00f3nico de aquellos estudiantes que desean abonar de forma mensual ($10\/mes) y de quienes desean abonar de forma anual ($80\/a\u00f1o). Enviaremos un c\u00f3digo de descuento a cada grupo (un c\u00f3digo para las suscripciones mensuales y otro c\u00f3digo para las suscripciones anuales).<\/p>\n<p>(Ten en cuenta que la direcci\u00f3n de correo electr\u00f3nico ser\u00e1 usada por nuestro sistema para validar el cup\u00f3n cuando alguien inicia una suscripci\u00f3n).<\/p>\n<p><b>\u00bfCu\u00e1nto tiempo duran las tarifas de suscripci\u00f3n reducidas? <\/b>Los c\u00f3digos de descuento otorgan una tarifa reducida para un pago anual, o 12 pagos mensuales. El descuento es mayor al elegir una suscripci\u00f3n anual, pero las suscripciones mensuales pueden ser canceladas en cualquier momento.<\/p>\n<p><b>Condiciones<\/b>. Ten en cuenta que las suscripciones ser\u00e1n convertidas a la tarifa normal despu\u00e9s de un a\u00f1o, a menos que sean canceladas. Adem\u00e1s, las suscripciones existentes deben ser canceladas antes de usar un cup\u00f3n de descuento.<\/p>\n<p><b>Preguntas Frecuentes<\/b><\/p>\n<ul>\n<li>\u00bfEs posible agregar a los miembros del grupo de a uno por vez, a medida que se registran? Si, por favor cont\u00e1ctenos tanto como necesite.<\/li>\n<li>\u00bfEs posible extender el descuento grupal por m\u00e1s de un a\u00f1o? Si, pero los suscriptores necesitar\u00e1n cancelar sus suscripciones existentes para comenzar una nueva suscripci\u00f3n con un nuevo c\u00f3digo de descuento.<\/li>\n<\/ul>\n\t\t\t\t\t\t\t\t<\/div>\n\t\t\t\t<\/div>\n\t\t\t\t\t<\/div>\n\t\t<\/div>\n\t\t\t\t<div class=\"elementor-column elementor-col-33 elementor-top-column elementor-element elementor-element-f182de5\" data-id=\"f182de5\" data-element_type=\"column\" data-e-type=\"column\">\n\t\t\t<div class=\"elementor-widget-wrap\">\n\t\t\t\t\t\t\t<\/div>\n\t\t<\/div>\n\t\t\t\t\t<\/div>\n\t\t<\/section>\n\t\t\t\t<\/div>\n\t\t","protected":false},"excerpt":{"rendered":"<p>MODO DE PRUEBA BETA Los c\u00f3digos de descuento le permiten a los miembros individuales de un grupo comprar una suscripci\u00f3n a Ser Plenamente de forma directa, sin necesidad de hacerlo a trav\u00e9s del l\u00edder del grupo (ver la opci\u00f3n alternativa: https:\/\/fullybeing.org\/group-plans). \u00bfC\u00f3mo funciona? Los l\u00edderes de grupos que han sido pre-aprobados pueden solicitar c\u00f3digos de [&hellip;]<\/p>\n","protected":false},"author":3264,"featured_media":0,"parent":0,"menu_order":0,"comment_status":"closed","ping_status":"closed","template":"","meta":{"_acf_changed":false,"content-type":"","site-sidebar-layout":"default","site-content-layout":"","ast-site-content-layout":"default","site-content-style":"default","site-sidebar-style":"default","ast-global-header-display":"","ast-banner-title-visibility":"","ast-main-header-display":"","ast-hfb-above-header-display":"","ast-hfb-below-header-display":"","ast-hfb-mobile-header-display":"","site-post-title":"","ast-breadcrumbs-content":"","ast-featured-img":"","footer-sml-layout":"","ast-disable-related-posts":"","theme-transparent-header-meta":"default","adv-header-id-meta":"","stick-header-meta":"","header-above-stick-meta":"","header-main-stick-meta":"","header-below-stick-meta":"","astra-migrate-meta-layouts":"default","ast-page-background-enabled":"default","ast-page-background-meta":{"desktop":{"background-color":"","background-image":"","background-repeat":"repeat","background-position":"center center","background-size":"auto","background-attachment":"scroll","background-type":"","background-media":"","overlay-type":"","overlay-color":"","overlay-opacity":"","overlay-gradient":""},"tablet":{"background-color":"","background-image":"","background-repeat":"repeat","background-position":"center center","background-size":"auto","background-attachment":"scroll","background-type":"","background-media":"","overlay-type":"","overlay-color":"","overlay-opacity":"","overlay-gradient":""},"mobile":{"background-color":"","background-image":"","background-repeat":"repeat","background-position":"center center","background-size":"auto","background-attachment":"scroll","background-type":"","background-media":"","overlay-type":"","overlay-color":"","overlay-opacity":"","overlay-gradient":""}},"ast-content-background-meta":{"desktop":{"background-color":"var(--ast-global-color-5)","background-image":"","background-repeat":"repeat","background-position":"center center","background-size":"auto","background-attachment":"scroll","background-type":"","background-media":"","overlay-type":"","overlay-color":"","overlay-opacity":"","overlay-gradient":""},"tablet":{"background-color":"var(--ast-global-color-5)","background-image":"","background-repeat":"repeat","background-position":"center center","background-size":"auto","background-attachment":"scroll","background-type":"","background-media":"","overlay-type":"","overlay-color":"","overlay-opacity":"","overlay-gradient":""},"mobile":{"background-color":"var(--ast-global-color-5)","background-image":"","background-repeat":"repeat","background-position":"center center","background-size":"auto","background-attachment":"scroll","background-type":"","background-media":"","overlay-type":"","overlay-color":"","overlay-opacity":"","overlay-gradient":""}},"footnotes":""},"class_list":["post-27069","page","type-page","status-publish","hentry"],"acf":[],"_links":{"self":[{"href":"https:\/\/fullybeing.org\/es\/wp-json\/wp\/v2\/pages\/27069","targetHints":{"allow":["GET"]}}],"collection":[{"href":"https:\/\/fullybeing.org\/es\/wp-json\/wp\/v2\/pages"}],"about":[{"href":"https:\/\/fullybeing.org\/es\/wp-json\/wp\/v2\/types\/page"}],"author":[{"embeddable":true,"href":"https:\/\/fullybeing.org\/es\/wp-json\/wp\/v2\/users\/3264"}],"replies":[{"embeddable":true,"href":"https:\/\/fullybeing.org\/es\/wp-json\/wp\/v2\/comments?post=27069"}],"version-history":[{"count":0,"href":"https:\/\/fullybeing.org\/es\/wp-json\/wp\/v2\/pages\/27069\/revisions"}],"wp:attachment":[{"href":"https:\/\/fullybeing.org\/es\/wp-json\/wp\/v2\/media?parent=27069"}],"curies":[{"name":"wp","href":"https:\/\/api.w.org\/{rel}","templated":true}]}}