{"id":23998,"date":"2021-02-16T15:22:02","date_gmt":"2021-02-16T22:22:02","guid":{"rendered":"https:\/\/fullybeing.org\/gracias-por-comprar-una-suscripcion-de-regalo-a-ser-plenamente\/"},"modified":"2021-02-16T15:22:02","modified_gmt":"2021-02-16T22:22:02","slug":"gracias-por-comprar-una-suscripcion-de-regalo-a-ser-plenamente","status":"publish","type":"page","link":"https:\/\/fullybeing.org\/es\/gracias-por-comprar-una-suscripcion-de-regalo-a-ser-plenamente\/","title":{"rendered":"Gracias por comprar una Suscripci\u00f3n de Regalo a Ser Plenamente"},"content":{"rendered":"<p><b>Thank You for Purchasing a Gift Subscription to Fully Being<\/b><\/p>\n<p><b>\u00a1Qu\u00e9 considerado de su parte!<\/b><\/p>\n<p>Gracias por comprar una Suscripci\u00f3n de Regalo a Ser Plenamente para uno de tus conocidos.<\/p>\n<p>El destinatario de la suscripci\u00f3n de regalo ser\u00e1 avisado por correo electr\u00f3nico y se le invitar\u00e1 a unirse al programa. No hay nada m\u00e1s que debas hacer.<\/p>\n<p>Tenga en cuenta que su suscripci\u00f3n de regalo no se renueva autom\u00e1ticamente. Sin embargo, le enviaremos un recordatorio de que la suscripci\u00f3n de regalo est\u00e1 por finalizar, para que pueda comunicarse con el destinatario si lo desea. M\u00e1s informaci\u00f3n sobre las suscripciones de regalo se encuentran en la <a href=\"https:\/\/fullybeing.org\/subscription-faqs\/\">p\u00e1gina de preguntas frecuentes sobre suscripciones<\/a>.<\/p>\n<p>Si usted mismo es nuevo a Ser Plenamente, es posible que desee ver el <a href=\"https:\/\/fullybeing.org\/fbcourses\/\">Panel de Control del Curso<\/a> para ver la variedad de cursos que se ofrecen.<\/p>\n<p>Por favor no dude en <a href=\"https:\/\/fullybeing.org\/contact\/\">contactarnos<\/a> si tiene preguntas.<\/p>\n<p><b>Detalles de la transacci\u00f3n<\/b><\/p>\n","protected":false},"excerpt":{"rendered":"<p>Thank You for Purchasing a Gift Subscription to Fully Being \u00a1Qu\u00e9 considerado de su parte! Gracias por comprar una Suscripci\u00f3n de Regalo a Ser Plenamente para uno de tus conocidos. El destinatario de la suscripci\u00f3n de regalo ser\u00e1 avisado por correo electr\u00f3nico y se le invitar\u00e1 a unirse al programa. No hay nada m\u00e1s que [&hellip;]<\/p>\n","protected":false},"author":1,"featured_media":0,"parent":0,"menu_order":0,"comment_status":"closed","ping_status":"closed","template":"","meta":{"_acf_changed":false,"content-type":"","site-sidebar-layout":"default","site-content-layout":"default","ast-site-content-layout":"default","site-content-style":"default","site-sidebar-style":"default","ast-global-header-display":"","ast-banner-title-visibility":"","ast-main-header-display":"","ast-hfb-above-header-display":"","ast-hfb-below-header-display":"","ast-hfb-mobile-header-display":"","site-post-title":"","ast-breadcrumbs-content":"","ast-featured-img":"","footer-sml-layout":"","ast-disable-related-posts":"","theme-transparent-header-meta":"default","adv-header-id-meta":"","stick-header-meta":"","header-above-stick-meta":"","header-main-stick-meta":"","header-below-stick-meta":"","astra-migrate-meta-layouts":"default","ast-page-background-enabled":"default","ast-page-background-meta":{"desktop":{"background-color":"","background-image":"","background-repeat":"repeat","background-position":"center center","background-size":"auto","background-attachment":"scroll","background-type":"","background-media":"","overlay-type":"","overlay-color":"","overlay-opacity":"","overlay-gradient":""},"tablet":{"background-color":"","background-image":"","background-repeat":"repeat","background-position":"center center","background-size":"auto","background-attachment":"scroll","background-type":"","background-media":"","overlay-type":"","overlay-color":"","overlay-opacity":"","overlay-gradient":""},"mobile":{"background-color":"","background-image":"","background-repeat":"repeat","background-position":"center center","background-size":"auto","background-attachment":"scroll","background-type":"","background-media":"","overlay-type":"","overlay-color":"","overlay-opacity":"","overlay-gradient":""}},"ast-content-background-meta":{"desktop":{"background-color":"var(--ast-global-color-5)","background-image":"","background-repeat":"repeat","background-position":"center center","background-size":"auto","background-attachment":"scroll","background-type":"","background-media":"","overlay-type":"","overlay-color":"","overlay-opacity":"","overlay-gradient":""},"tablet":{"background-color":"var(--ast-global-color-5)","background-image":"","background-repeat":"repeat","background-position":"center center","background-size":"auto","background-attachment":"scroll","background-type":"","background-media":"","overlay-type":"","overlay-color":"","overlay-opacity":"","overlay-gradient":""},"mobile":{"background-color":"var(--ast-global-color-5)","background-image":"","background-repeat":"repeat","background-position":"center center","background-size":"auto","background-attachment":"scroll","background-type":"","background-media":"","overlay-type":"","overlay-color":"","overlay-opacity":"","overlay-gradient":""}},"footnotes":""},"class_list":["post-23998","page","type-page","status-publish","hentry"],"acf":[],"_links":{"self":[{"href":"https:\/\/fullybeing.org\/es\/wp-json\/wp\/v2\/pages\/23998","targetHints":{"allow":["GET"]}}],"collection":[{"href":"https:\/\/fullybeing.org\/es\/wp-json\/wp\/v2\/pages"}],"about":[{"href":"https:\/\/fullybeing.org\/es\/wp-json\/wp\/v2\/types\/page"}],"author":[{"embeddable":true,"href":"https:\/\/fullybeing.org\/es\/wp-json\/wp\/v2\/users\/1"}],"replies":[{"embeddable":true,"href":"https:\/\/fullybeing.org\/es\/wp-json\/wp\/v2\/comments?post=23998"}],"version-history":[{"count":0,"href":"https:\/\/fullybeing.org\/es\/wp-json\/wp\/v2\/pages\/23998\/revisions"}],"wp:attachment":[{"href":"https:\/\/fullybeing.org\/es\/wp-json\/wp\/v2\/media?parent=23998"}],"curies":[{"name":"wp","href":"https:\/\/api.w.org\/{rel}","templated":true}]}}