{"id":23996,"date":"2022-10-26T16:54:05","date_gmt":"2022-10-26T22:54:05","guid":{"rendered":"https:\/\/fullybeing.org\/gracias-5\/"},"modified":"2023-10-03T14:06:45","modified_gmt":"2023-10-03T20:06:45","slug":"gracias-5","status":"publish","type":"page","link":"https:\/\/fullybeing.org\/es\/gracias-5\/","title":{"rendered":"Gracias 5"},"content":{"rendered":"\n<div class=\"wp-block-image\"><figure class=\"aligncenter size-large\"><img decoding=\"async\" src=\"https:\/\/fullybeing.org\/wp-content\/plugins\/yith-custom-thankyou-page-for-woocommerce.premium\/assets\/images\/thankyou5.svg\" alt=\"\"\/><\/figure><\/div>\n\n<div style=\"text-align: center; font-weight:bold;\">Gracias. Su orden # ha sido recibida<\/div>\r\n\n<p class=\"has-text-align-center has-background\" style=\"background-color:#eeeff5\">Los art\u00edculos se enviar\u00e1n en las pr\u00f3ximas <strong>24 horas<\/strong>. La fecha estimada de entrega es el <strong>13 de marzo de 2022<\/strong>.<\/p>\n\n\n\n[yith_ctpw_pdf_button  bkg_color=&#8221;#4e5279&#8243; bkg_color_hover=&#8221;#dd9933&#8243; text_color=&#8221;#ffffff&#8221; text_color_hover=&#8221;#ffffff&#8221; border_radius=&#8221;30&#8243;]\r\n\n<div style=\"height:47px\" aria-hidden=\"true\" class=\"wp-block-spacer\"><\/div>\n\n<div class=\"wp-block-columns is-layout-flex wp-container-core-columns-is-layout-28f84493 wp-block-columns-is-layout-flex\">\n<div class=\"wp-block-column is-layout-flow wp-block-column-is-layout-flow\">\n\n<\/div>\n\n\n\n<div class=\"wp-block-column is-layout-flow wp-block-column-is-layout-flow\">\n<div style=\"padding: 20px 0; background-color: #eeeff5;\"><p style=\"text-align:center\"><b>\u00bfNecesitas ayuda? Com\u00fanicate con nuestro Servicio al Cliente<\/b><\/p><b>\r\n<\/b><p style=\"color: #686C9C; font-size: 140%; text-align:center\">900 256 3784<\/p><\/div>\r\n<\/div>\n<\/div>\n","protected":false},"excerpt":{"rendered":"<p>Gracias. Su orden # ha sido recibida Los art\u00edculos se enviar\u00e1n en las pr\u00f3ximas 24 horas. La fecha estimada de entrega es el 13 de marzo de 2022. \u00bfNecesitas ayuda? Com\u00fanicate con nuestro Servicio al Cliente 900 256 3784<\/p>\n","protected":false},"author":3264,"featured_media":0,"parent":0,"menu_order":0,"comment_status":"closed","ping_status":"closed","template":"","meta":{"_acf_changed":false,"content-type":"","site-sidebar-layout":"default","site-content-layout":"","ast-site-content-layout":"default","site-content-style":"default","site-sidebar-style":"default","ast-global-header-display":"","ast-banner-title-visibility":"","ast-main-header-display":"","ast-hfb-above-header-display":"","ast-hfb-below-header-display":"","ast-hfb-mobile-header-display":"","site-post-title":"","ast-breadcrumbs-content":"","ast-featured-img":"","footer-sml-layout":"","ast-disable-related-posts":"","theme-transparent-header-meta":"","adv-header-id-meta":"","stick-header-meta":"","header-above-stick-meta":"","header-main-stick-meta":"","header-below-stick-meta":"","astra-migrate-meta-layouts":"default","ast-page-background-enabled":"default","ast-page-background-meta":{"desktop":{"background-color":"","background-image":"","background-repeat":"repeat","background-position":"center center","background-size":"auto","background-attachment":"scroll","background-type":"","background-media":"","overlay-type":"","overlay-color":"","overlay-opacity":"","overlay-gradient":""},"tablet":{"background-color":"","background-image":"","background-repeat":"repeat","background-position":"center center","background-size":"auto","background-attachment":"scroll","background-type":"","background-media":"","overlay-type":"","overlay-color":"","overlay-opacity":"","overlay-gradient":""},"mobile":{"background-color":"","background-image":"","background-repeat":"repeat","background-position":"center center","background-size":"auto","background-attachment":"scroll","background-type":"","background-media":"","overlay-type":"","overlay-color":"","overlay-opacity":"","overlay-gradient":""}},"ast-content-background-meta":{"desktop":{"background-color":"var(--ast-global-color-5)","background-image":"","background-repeat":"repeat","background-position":"center center","background-size":"auto","background-attachment":"scroll","background-type":"","background-media":"","overlay-type":"","overlay-color":"","overlay-opacity":"","overlay-gradient":""},"tablet":{"background-color":"var(--ast-global-color-5)","background-image":"","background-repeat":"repeat","background-position":"center center","background-size":"auto","background-attachment":"scroll","background-type":"","background-media":"","overlay-type":"","overlay-color":"","overlay-opacity":"","overlay-gradient":""},"mobile":{"background-color":"var(--ast-global-color-5)","background-image":"","background-repeat":"repeat","background-position":"center center","background-size":"auto","background-attachment":"scroll","background-type":"","background-media":"","overlay-type":"","overlay-color":"","overlay-opacity":"","overlay-gradient":""}},"footnotes":""},"class_list":["post-23996","page","type-page","status-publish","hentry"],"acf":[],"_links":{"self":[{"href":"https:\/\/fullybeing.org\/es\/wp-json\/wp\/v2\/pages\/23996","targetHints":{"allow":["GET"]}}],"collection":[{"href":"https:\/\/fullybeing.org\/es\/wp-json\/wp\/v2\/pages"}],"about":[{"href":"https:\/\/fullybeing.org\/es\/wp-json\/wp\/v2\/types\/page"}],"author":[{"embeddable":true,"href":"https:\/\/fullybeing.org\/es\/wp-json\/wp\/v2\/users\/3264"}],"replies":[{"embeddable":true,"href":"https:\/\/fullybeing.org\/es\/wp-json\/wp\/v2\/comments?post=23996"}],"version-history":[{"count":0,"href":"https:\/\/fullybeing.org\/es\/wp-json\/wp\/v2\/pages\/23996\/revisions"}],"wp:attachment":[{"href":"https:\/\/fullybeing.org\/es\/wp-json\/wp\/v2\/media?parent=23996"}],"curies":[{"name":"wp","href":"https:\/\/api.w.org\/{rel}","templated":true}]}}