{"id":23269,"date":"2023-04-16T05:40:19","date_gmt":"2023-04-16T11:40:19","guid":{"rendered":"https:\/\/fullybeing.org\/webinars-y-preguntas-y-respuestas-para-suscriptores\/"},"modified":"2026-03-24T15:34:25","modified_gmt":"2026-03-24T21:34:25","slug":"webinars-y-preguntas-y-respuestas-para-suscriptores","status":"publish","type":"page","link":"https:\/\/fullybeing.org\/es\/webinars-y-preguntas-y-respuestas-para-suscriptores\/","title":{"rendered":"Webinars y Preguntas y Respuestas para Suscriptores"},"content":{"rendered":"\t\t<div data-elementor-type=\"wp-page\" data-elementor-id=\"23269\" class=\"elementor elementor-23269 elementor-21525\" data-elementor-post-type=\"page\">\n\t\t\t\t\t\t<section data-particle_enable=\"false\" data-particle-mobile-disabled=\"false\" class=\"elementor-section elementor-top-section elementor-element elementor-element-04098e8 elementor-section-boxed elementor-section-height-default elementor-section-height-default\" data-id=\"04098e8\" data-element_type=\"section\" data-e-type=\"section\">\n\t\t\t\t\t\t<div class=\"elementor-container elementor-column-gap-default\">\n\t\t\t\t\t<div class=\"elementor-column elementor-col-50 elementor-top-column elementor-element elementor-element-19f3b70\" data-id=\"19f3b70\" data-element_type=\"column\" data-e-type=\"column\">\n\t\t\t<div class=\"elementor-widget-wrap elementor-element-populated\">\n\t\t\t\t\t\t<div class=\"elementor-element elementor-element-bea9235 elementor-widget elementor-widget-text-editor\" data-id=\"bea9235\" data-element_type=\"widget\" data-e-type=\"widget\" data-widget_type=\"text-editor.default\">\n\t\t\t\t<div class=\"elementor-widget-container\">\n\t\t\t\t\t\t\t\t\t<p>Las sesiones de Preguntas y Respuestas de Ser Plenamente son una oportunidad para conectar con otros participantes del programa y para hacer tus preguntas m\u00e1s urgentes. Las sesiones de preguntas y respuestas son facilitadas por personas que han sido estudiantes de Tsoknyi Rinpoche por mucho tiempo. Las sesiones en l\u00ednea comienzan con una breve meditaci\u00f3n, seguida por respuestas a preguntas enviadas al registrarse, finalmente dando la posibilidad al p\u00fablico de hacer preguntas (en vivo online y a trav\u00e9s del chat).<\/p>\n<p>Las sesiones de preguntas y respuestas son gratuitas y est\u00e1n abiertas al p\u00fablico. La inscripci\u00f3n abre 2 a 3 semanas antes del evento, y permanece abierta hasta el comienzo del evento. <b>En el momento en que abre la inscripci\u00f3n, en la parte superior de esta p\u00e1gina aparecer\u00e1 un banner con un link. Tambi\u00e9n puedes suscribirte para recibir notificaciones.<\/b><\/p>\n<p><b>Por el momento, las sesiones de preguntas y respuestas solo est\u00e1n disponibles en ingl\u00e9s.<\/b><\/p>\n\t\t\t\t\t\t\t\t<\/div>\n\t\t\t\t<\/div>\n\t\t\t\t\t<\/div>\n\t\t<\/div>\n\t\t\t\t<div class=\"elementor-column elementor-col-50 elementor-top-column elementor-element elementor-element-929a0e2 elementor-hidden-desktop elementor-hidden-tablet elementor-hidden-mobile\" data-id=\"929a0e2\" data-element_type=\"column\" data-e-type=\"column\">\n\t\t\t<div class=\"elementor-widget-wrap elementor-element-populated\">\n\t\t\t\t\t\t<section data-particle_enable=\"false\" data-particle-mobile-disabled=\"false\" class=\"elementor-section elementor-inner-section elementor-element elementor-element-c62c32d elementor-section-boxed elementor-section-height-default elementor-section-height-default\" data-id=\"c62c32d\" data-element_type=\"section\" data-e-type=\"section\">\n\t\t\t\t\t\t<div class=\"elementor-container elementor-column-gap-default\">\n\t\t\t\t\t<div class=\"elementor-column elementor-col-100 elementor-inner-column elementor-element elementor-element-317e5e0\" data-id=\"317e5e0\" data-element_type=\"column\" data-e-type=\"column\">\n\t\t\t<div class=\"elementor-widget-wrap elementor-element-populated\">\n\t\t\t\t\t\t<div class=\"elementor-element elementor-element-484e70d elementor-widget elementor-widget-text-editor\" data-id=\"484e70d\" data-element_type=\"widget\" data-e-type=\"widget\" data-widget_type=\"text-editor.default\">\n\t\t\t\t<div class=\"elementor-widget-container\">\n\t\t\t\t\t\t\t\t\t<h3><b>Upcoming Q&amp;As<\/b>:<\/h3>\n\t\t\t\t\t\t\t\t<\/div>\n\t\t\t\t<\/div>\n\t\t\t\t\t<\/div>\n\t\t<\/div>\n\t\t\t\t\t<\/div>\n\t\t<\/section>\n\t\t\t\t<section data-particle_enable=\"false\" data-particle-mobile-disabled=\"false\" class=\"elementor-section elementor-inner-section elementor-element elementor-element-d1a0f67 elementor-section-boxed elementor-section-height-default elementor-section-height-default\" data-id=\"d1a0f67\" data-element_type=\"section\" data-e-type=\"section\">\n\t\t\t\t\t\t<div class=\"elementor-container elementor-column-gap-default\">\n\t\t\t\t\t<div class=\"elementor-column elementor-col-50 elementor-inner-column elementor-element elementor-element-660ec3a\" data-id=\"660ec3a\" data-element_type=\"column\" data-e-type=\"column\">\n\t\t\t<div class=\"elementor-widget-wrap elementor-element-populated\">\n\t\t\t\t\t\t<div class=\"elementor-element elementor-element-075b33e elementor-widget elementor-widget-image\" data-id=\"075b33e\" data-element_type=\"widget\" data-e-type=\"widget\" data-widget_type=\"image.default\">\n\t\t\t\t<div class=\"elementor-widget-container\">\n\t\t\t\t\t\t\t\t\t\t\t\t\t\t\t<img fetchpriority=\"high\" decoding=\"async\" width=\"300\" height=\"300\" src=\"https:\/\/fullybeing.org\/wp-content\/uploads\/2024\/11\/full_circle_Fionnuala_Shenpen-300x300.png\" class=\"attachment-medium size-medium wp-image-30514\" alt=\"\" srcset=\"https:\/\/fullybeing.org\/wp-content\/uploads\/2024\/11\/full_circle_Fionnuala_Shenpen-300x300.png 300w, https:\/\/fullybeing.org\/wp-content\/uploads\/2024\/11\/full_circle_Fionnuala_Shenpen.png 1024w, https:\/\/fullybeing.org\/wp-content\/uploads\/2024\/11\/full_circle_Fionnuala_Shenpen-150x150.png 150w, https:\/\/fullybeing.org\/wp-content\/uploads\/2024\/11\/full_circle_Fionnuala_Shenpen-768x768.png 768w, https:\/\/fullybeing.org\/wp-content\/uploads\/2024\/11\/full_circle_Fionnuala_Shenpen-600x600.png 600w, https:\/\/fullybeing.org\/wp-content\/uploads\/2024\/11\/full_circle_Fionnuala_Shenpen-100x100.png 100w\" sizes=\"(max-width: 300px) 100vw, 300px\" \/>\t\t\t\t\t\t\t\t\t\t\t\t\t\t\t<\/div>\n\t\t\t\t<\/div>\n\t\t\t\t\t<\/div>\n\t\t<\/div>\n\t\t\t\t<div class=\"elementor-column elementor-col-50 elementor-inner-column elementor-element elementor-element-0e1aa0c\" data-id=\"0e1aa0c\" data-element_type=\"column\" data-e-type=\"column\">\n\t\t\t<div class=\"elementor-widget-wrap elementor-element-populated\">\n\t\t\t\t\t\t<div class=\"elementor-element elementor-element-9f2fc48 elementor-widget elementor-widget-text-editor\" data-id=\"9f2fc48\" data-element_type=\"widget\" data-e-type=\"widget\" data-widget_type=\"text-editor.default\">\n\t\t\t\t<div class=\"elementor-widget-container\">\n\t\t\t\t\t\t\t\t\t<p><b>November 17, 2024, 1-2 pm EST<\/b> (<a href=\"https:\/\/www.timeanddate.com\/worldclock\/converter.html?iso=20241117T180000&amp;p1=179\" target=\"_blank\" rel=\"noopener\">Time Converter<\/a>), with Fionnuala Shenpen<\/p>\n\t\t\t\t\t\t\t\t<\/div>\n\t\t\t\t<\/div>\n\t\t\t\t\t<\/div>\n\t\t<\/div>\n\t\t\t\t\t<\/div>\n\t\t<\/section>\n\t\t\t\t<section data-particle_enable=\"false\" data-particle-mobile-disabled=\"false\" class=\"elementor-section elementor-inner-section elementor-element elementor-element-930563f elementor-section-boxed elementor-section-height-default elementor-section-height-default\" data-id=\"930563f\" data-element_type=\"section\" data-e-type=\"section\">\n\t\t\t\t\t\t<div class=\"elementor-container elementor-column-gap-default\">\n\t\t\t\t\t<div class=\"elementor-column elementor-col-50 elementor-inner-column elementor-element elementor-element-c2bb031\" data-id=\"c2bb031\" data-element_type=\"column\" data-e-type=\"column\">\n\t\t\t<div class=\"elementor-widget-wrap elementor-element-populated\">\n\t\t\t\t\t\t<div class=\"elementor-element elementor-element-9924816 elementor-widget elementor-widget-image\" data-id=\"9924816\" data-element_type=\"widget\" data-e-type=\"widget\" data-widget_type=\"image.default\">\n\t\t\t\t<div class=\"elementor-widget-container\">\n\t\t\t\t\t\t\t\t\t\t\t\t\t\t\t<img decoding=\"async\" width=\"982\" height=\"1024\" src=\"https:\/\/fullybeing.org\/wp-content\/uploads\/2024\/11\/full_circle_Scott_Tusa-982x1024.png\" class=\"attachment-large size-large wp-image-30516\" alt=\"Man smiling, promoting holistic wellness and mindfulness, from Fully Being, a platform dedicated to personal growth and mental health.\" srcset=\"https:\/\/fullybeing.org\/wp-content\/uploads\/2024\/11\/full_circle_Scott_Tusa.png 982w, https:\/\/fullybeing.org\/wp-content\/uploads\/2024\/11\/full_circle_Scott_Tusa-288x300.png 288w, https:\/\/fullybeing.org\/wp-content\/uploads\/2024\/11\/full_circle_Scott_Tusa-768x801.png 768w, https:\/\/fullybeing.org\/wp-content\/uploads\/2024\/11\/full_circle_Scott_Tusa-1472x1536.png 981w, https:\/\/fullybeing.org\/wp-content\/uploads\/2024\/11\/full_circle_Scott_Tusa-600x626.png 600w\" sizes=\"(max-width: 982px) 100vw, 982px\" \/>\t\t\t\t\t\t\t\t\t\t\t\t\t\t\t<\/div>\n\t\t\t\t<\/div>\n\t\t\t\t\t<\/div>\n\t\t<\/div>\n\t\t\t\t<div class=\"elementor-column elementor-col-50 elementor-inner-column elementor-element elementor-element-dc8e712\" data-id=\"dc8e712\" data-element_type=\"column\" data-e-type=\"column\">\n\t\t\t<div class=\"elementor-widget-wrap elementor-element-populated\">\n\t\t\t\t\t\t<div class=\"elementor-element elementor-element-0002789 elementor-widget elementor-widget-text-editor\" data-id=\"0002789\" data-element_type=\"widget\" data-e-type=\"widget\" data-widget_type=\"text-editor.default\">\n\t\t\t\t<div class=\"elementor-widget-container\">\n\t\t\t\t\t\t\t\t\t<p><b>December 22, 2024, 1-2 pm EST<\/b> (<a href=\"https:\/\/www.timeanddate.com\/worldclock\/converter.html?iso=20241222T180000&amp;p1=179\" target=\"_blank\" rel=\"noopener\">Time Converter<\/a>), with Scott Tusa<\/p>\n\t\t\t\t\t\t\t\t<\/div>\n\t\t\t\t<\/div>\n\t\t\t\t\t<\/div>\n\t\t<\/div>\n\t\t\t\t\t<\/div>\n\t\t<\/section>\n\t\t\t\t\t<\/div>\n\t\t<\/div>\n\t\t\t\t\t<\/div>\n\t\t<\/section>\n\t\t\t\t<section data-particle_enable=\"false\" data-particle-mobile-disabled=\"false\" class=\"elementor-section elementor-top-section elementor-element elementor-element-e111ab0 elementor-section-boxed elementor-section-height-default elementor-section-height-default\" data-id=\"e111ab0\" data-element_type=\"section\" data-e-type=\"section\">\n\t\t\t\t\t\t<div class=\"elementor-container elementor-column-gap-default\">\n\t\t\t\t\t<div class=\"elementor-column elementor-col-100 elementor-top-column elementor-element elementor-element-531caa3\" data-id=\"531caa3\" data-element_type=\"column\" data-e-type=\"column\">\n\t\t\t<div class=\"elementor-widget-wrap elementor-element-populated\">\n\t\t\t\t\t\t<div class=\"elementor-element elementor-element-d4212fe elementor-widget-divider--view-line elementor-widget elementor-widget-divider\" data-id=\"d4212fe\" data-element_type=\"widget\" data-e-type=\"widget\" data-widget_type=\"divider.default\">\n\t\t\t\t<div class=\"elementor-widget-container\">\n\t\t\t\t\t\t\t<div class=\"elementor-divider\">\n\t\t\t<span class=\"elementor-divider-separator\">\n\t\t\t\t\t\t<\/span>\n\t\t<\/div>\n\t\t\t\t\t\t<\/div>\n\t\t\t\t<\/div>\n\t\t\t\t<div class=\"elementor-element elementor-element-bc88e88 elementor-widget elementor-widget-text-editor\" data-id=\"bc88e88\" data-element_type=\"widget\" data-e-type=\"widget\" data-widget_type=\"text-editor.default\">\n\t\t\t\t<div class=\"elementor-widget-container\">\n\t\t\t\t\t\t\t\t\t<h4><strong><a href=\"https:\/\/fullybeing.org\/qa-recordings\/\">Click Here<\/a> for Recordings of Previous Events<\/strong><\/h4>\n\t\t\t\t\t\t\t\t<\/div>\n\t\t\t\t<\/div>\n\t\t\t\t\t<\/div>\n\t\t<\/div>\n\t\t\t\t\t<\/div>\n\t\t<\/section>\n\t\t\t\t<\/div>\n\t\t","protected":false},"excerpt":{"rendered":"<p>Las sesiones de Preguntas y Respuestas de Ser Plenamente son una oportunidad para conectar con otros participantes del programa y para hacer tus preguntas m\u00e1s urgentes. Las sesiones de preguntas y respuestas son facilitadas por personas que han sido estudiantes de Tsoknyi Rinpoche por mucho tiempo. Las sesiones en l\u00ednea comienzan con una breve meditaci\u00f3n, [&hellip;]<\/p>\n","protected":false},"author":3264,"featured_media":0,"parent":0,"menu_order":0,"comment_status":"closed","ping_status":"closed","template":"","meta":{"_acf_changed":false,"content-type":"","site-sidebar-layout":"default","site-content-layout":"default","ast-site-content-layout":"default","site-content-style":"default","site-sidebar-style":"default","ast-global-header-display":"","ast-banner-title-visibility":"","ast-main-header-display":"","ast-hfb-above-header-display":"","ast-hfb-below-header-display":"","ast-hfb-mobile-header-display":"","site-post-title":"","ast-breadcrumbs-content":"","ast-featured-img":"","footer-sml-layout":"","ast-disable-related-posts":"","theme-transparent-header-meta":"default","adv-header-id-meta":"","stick-header-meta":"","header-above-stick-meta":"","header-main-stick-meta":"","header-below-stick-meta":"","astra-migrate-meta-layouts":"default","ast-page-background-enabled":"default","ast-page-background-meta":{"desktop":{"background-color":"","background-image":"","background-repeat":"repeat","background-position":"center center","background-size":"auto","background-attachment":"scroll","background-type":"","background-media":"","overlay-type":"","overlay-color":"","overlay-opacity":"","overlay-gradient":""},"tablet":{"background-color":"","background-image":"","background-repeat":"repeat","background-position":"center center","background-size":"auto","background-attachment":"scroll","background-type":"","background-media":"","overlay-type":"","overlay-color":"","overlay-opacity":"","overlay-gradient":""},"mobile":{"background-color":"","background-image":"","background-repeat":"repeat","background-position":"center center","background-size":"auto","background-attachment":"scroll","background-type":"","background-media":"","overlay-type":"","overlay-color":"","overlay-opacity":"","overlay-gradient":""}},"ast-content-background-meta":{"desktop":{"background-color":"var(--ast-global-color-5)","background-image":"","background-repeat":"repeat","background-position":"center center","background-size":"auto","background-attachment":"scroll","background-type":"","background-media":"","overlay-type":"","overlay-color":"","overlay-opacity":"","overlay-gradient":""},"tablet":{"background-color":"var(--ast-global-color-5)","background-image":"","background-repeat":"repeat","background-position":"center center","background-size":"auto","background-attachment":"scroll","background-type":"","background-media":"","overlay-type":"","overlay-color":"","overlay-opacity":"","overlay-gradient":""},"mobile":{"background-color":"var(--ast-global-color-5)","background-image":"","background-repeat":"repeat","background-position":"center center","background-size":"auto","background-attachment":"scroll","background-type":"","background-media":"","overlay-type":"","overlay-color":"","overlay-opacity":"","overlay-gradient":""}},"footnotes":""},"class_list":["post-23269","page","type-page","status-publish","hentry"],"acf":[],"_links":{"self":[{"href":"https:\/\/fullybeing.org\/es\/wp-json\/wp\/v2\/pages\/23269","targetHints":{"allow":["GET"]}}],"collection":[{"href":"https:\/\/fullybeing.org\/es\/wp-json\/wp\/v2\/pages"}],"about":[{"href":"https:\/\/fullybeing.org\/es\/wp-json\/wp\/v2\/types\/page"}],"author":[{"embeddable":true,"href":"https:\/\/fullybeing.org\/es\/wp-json\/wp\/v2\/users\/3264"}],"replies":[{"embeddable":true,"href":"https:\/\/fullybeing.org\/es\/wp-json\/wp\/v2\/comments?post=23269"}],"version-history":[{"count":0,"href":"https:\/\/fullybeing.org\/es\/wp-json\/wp\/v2\/pages\/23269\/revisions"}],"wp:attachment":[{"href":"https:\/\/fullybeing.org\/es\/wp-json\/wp\/v2\/media?parent=23269"}],"curies":[{"name":"wp","href":"https:\/\/api.w.org\/{rel}","templated":true}]}}