{"id":23172,"date":"2020-06-16T13:28:12","date_gmt":"2020-06-16T19:28:12","guid":{"rendered":"https:\/\/fullybeing.org\/problemas-comunes\/"},"modified":"2023-08-14T11:16:27","modified_gmt":"2023-08-14T17:16:27","slug":"problemas-comunes","status":"publish","type":"page","link":"https:\/\/fullybeing.org\/es\/problemas-comunes\/","title":{"rendered":"Problemas Comunes"},"content":{"rendered":"<p><b>Reembolsos<\/b><\/p>\n<p><b>Regalar Suscripciones<\/b><\/p>\n<p><b>El comprador omite o ingresa la direcci\u00f3n de email err\u00f3nea del recipiente del regalo:<br \/>\n<\/b>Elimina el usuario que crearon (chequear que no tengan una suscripci\u00f3n existente aparte de la err\u00f3nea). O,<\/p>\n<ul>\n<li>reembolsar la orden err\u00f3nea, eliminar la suscripci\u00f3n asociada, y pedir al regalador que cree una nueva orden (creo que esto funciona)<\/li>\n<li>mant\u00e9n la orden existente y la suscripci\u00f3n intacta, y entrega un cup\u00f3n al gifted para que cree una nueva suscripci\u00f3n de regalo para el recipiente (puede que la opci\u00f3n anterior sea la mejor opci\u00f3n, porque de otra manera la orden original queda en el limbo)<\/li>\n<li>(Intent\u00e9 agregar la suscripci\u00f3n desde el back-end, pero el recipiente del regalo necesita estar presente como un usuario para agregarlos\u2014podr\u00edamos intentar agregarlos como un Cliente, y luego quiz\u00e1s el regalo los agregue como usuarios?)<\/li>\n<\/ul>\n<p><b>El recipiente del Regalo quiere comprar una suscripci\u00f3n, pero su acceso est\u00e1 bloqueado por las restricciones a los Suscriptores<\/b><\/p>\n<ul>\n<li>La forma de resolverlo es cerrar sesi\u00f3n, luego registrarse, y en la p\u00e1gina de finalizar la compra, elegir la opci\u00f3n de ingresar a tu cuenta<\/li>\n<\/ul>\n<p><b>PROBLEMAS DE ADMINISTRACI\u00d3N<\/b><\/p>\n<p><b>Si hay una modificaci\u00f3n en un producto de suscripci\u00f3n<\/b>, puedes usar la herramienta Woocommerce Retroactive Tool para volver a sincronizar a los suscriptores con los nuevos ajustes. Woocommerce &gt; Status &gt; Tools<\/p>\n","protected":false},"excerpt":{"rendered":"<p>Reembolsos Regalar Suscripciones El comprador omite o ingresa la direcci\u00f3n de email err\u00f3nea del recipiente del regalo: Elimina el usuario que crearon (chequear que no tengan una suscripci\u00f3n existente aparte de la err\u00f3nea). O, reembolsar la orden err\u00f3nea, eliminar la suscripci\u00f3n asociada, y pedir al regalador que cree una nueva orden (creo que esto funciona) [&hellip;]<\/p>\n","protected":false},"author":1,"featured_media":0,"parent":0,"menu_order":0,"comment_status":"closed","ping_status":"closed","template":"","meta":{"_acf_changed":false,"content-type":"","site-sidebar-layout":"default","site-content-layout":"default","ast-site-content-layout":"default","site-content-style":"default","site-sidebar-style":"default","ast-global-header-display":"","ast-banner-title-visibility":"","ast-main-header-display":"","ast-hfb-above-header-display":"","ast-hfb-below-header-display":"","ast-hfb-mobile-header-display":"","site-post-title":"","ast-breadcrumbs-content":"","ast-featured-img":"","footer-sml-layout":"","ast-disable-related-posts":"","theme-transparent-header-meta":"default","adv-header-id-meta":"","stick-header-meta":"","header-above-stick-meta":"","header-main-stick-meta":"","header-below-stick-meta":"","astra-migrate-meta-layouts":"default","ast-page-background-enabled":"default","ast-page-background-meta":{"desktop":{"background-color":"","background-image":"","background-repeat":"repeat","background-position":"center center","background-size":"auto","background-attachment":"scroll","background-type":"","background-media":"","overlay-type":"","overlay-color":"","overlay-opacity":"","overlay-gradient":""},"tablet":{"background-color":"","background-image":"","background-repeat":"repeat","background-position":"center center","background-size":"auto","background-attachment":"scroll","background-type":"","background-media":"","overlay-type":"","overlay-color":"","overlay-opacity":"","overlay-gradient":""},"mobile":{"background-color":"","background-image":"","background-repeat":"repeat","background-position":"center center","background-size":"auto","background-attachment":"scroll","background-type":"","background-media":"","overlay-type":"","overlay-color":"","overlay-opacity":"","overlay-gradient":""}},"ast-content-background-meta":{"desktop":{"background-color":"var(--ast-global-color-5)","background-image":"","background-repeat":"repeat","background-position":"center center","background-size":"auto","background-attachment":"scroll","background-type":"","background-media":"","overlay-type":"","overlay-color":"","overlay-opacity":"","overlay-gradient":""},"tablet":{"background-color":"var(--ast-global-color-5)","background-image":"","background-repeat":"repeat","background-position":"center center","background-size":"auto","background-attachment":"scroll","background-type":"","background-media":"","overlay-type":"","overlay-color":"","overlay-opacity":"","overlay-gradient":""},"mobile":{"background-color":"var(--ast-global-color-5)","background-image":"","background-repeat":"repeat","background-position":"center center","background-size":"auto","background-attachment":"scroll","background-type":"","background-media":"","overlay-type":"","overlay-color":"","overlay-opacity":"","overlay-gradient":""}},"footnotes":""},"class_list":["post-23172","page","type-page","status-publish","hentry"],"acf":[],"_links":{"self":[{"href":"https:\/\/fullybeing.org\/es\/wp-json\/wp\/v2\/pages\/23172","targetHints":{"allow":["GET"]}}],"collection":[{"href":"https:\/\/fullybeing.org\/es\/wp-json\/wp\/v2\/pages"}],"about":[{"href":"https:\/\/fullybeing.org\/es\/wp-json\/wp\/v2\/types\/page"}],"author":[{"embeddable":true,"href":"https:\/\/fullybeing.org\/es\/wp-json\/wp\/v2\/users\/1"}],"replies":[{"embeddable":true,"href":"https:\/\/fullybeing.org\/es\/wp-json\/wp\/v2\/comments?post=23172"}],"version-history":[{"count":0,"href":"https:\/\/fullybeing.org\/es\/wp-json\/wp\/v2\/pages\/23172\/revisions"}],"wp:attachment":[{"href":"https:\/\/fullybeing.org\/es\/wp-json\/wp\/v2\/media?parent=23172"}],"curies":[{"name":"wp","href":"https:\/\/api.w.org\/{rel}","templated":true}]}}