{"id":23103,"date":"2020-07-28T04:23:02","date_gmt":"2020-07-28T10:23:02","guid":{"rendered":"https:\/\/fullybeing.org\/glosario\/"},"modified":"2024-03-12T09:03:02","modified_gmt":"2024-03-12T15:03:02","slug":"glosario","status":"publish","type":"page","link":"https:\/\/fullybeing.org\/es\/glosario\/","title":{"rendered":"Glosario"},"content":{"rendered":"<p>Los t\u00e9rminos del glosario est\u00e1n identificados a trav\u00e9s del sitio web con un subrayado tenue. Haz click en los t\u00e9rminos para ver una ventana emergente con su definici\u00f3n.<\/p>\n<p>[glosario]<div class=\"glossary-container \"><input type=\"hidden\" class=\"cmtt-attribute-field\" name=\"glossary_index_style\" value=\"classic-definition\"><div id=\"glossaryList-nav\" class=\"listNav small\" role=\"tablist\"><\/div><ul class=\"glossaryList\" role=\"tablist\" id=\"glossaryList\"  itemscope itemtype=\"https:\/\/schema.org\/DefinedTermSet\"><li class=\"\"  itemscope itemtype=\"https:\/\/schema.org\/DefinedTerm\" ><a href=\"https:\/\/fullybeing.org\/es\/glossary\/alegria\/\"  role=\"term\" class=\"glossaryLink glossary-link-title \"   style=\"\"   itemprop=\"url\"  aria-describedby=\"tt\" data-cmtooltip=\"cmtt_f94051c5defb04a1afd1af83a5b1f3e1\"><span itemprop=\"name\">Alegr\u00eda<\/span><\/a><dfn class=\"glossary_itemdesc\" role=\"definition\"  itemprop=\"description\" >El deseo de que todos permanezcan felices y de que su felicidad crezca cada vez m\u00e1s.<\/dfn><\/li><li class=\"\"  itemscope itemtype=\"https:\/\/schema.org\/DefinedTerm\" ><a href=\"https:\/\/fullybeing.org\/es\/glossary\/amor\/\"  role=\"term\" class=\"glossaryLink glossary-link-title \"   style=\"\"   itemprop=\"url\"  aria-describedby=\"tt\" data-cmtooltip=\"cmtt_29565f3105b263169ec423781d3729d1\"><span itemprop=\"name\">Amor<\/span><\/a><dfn class=\"glossary_itemdesc\" role=\"definition\"  itemprop=\"description\" >El deseo de que todos tengan felicidad y las causas de la felicidad.<\/dfn><\/li><li class=\"\"  itemscope itemtype=\"https:\/\/schema.org\/DefinedTerm\" ><a href=\"https:\/\/fullybeing.org\/es\/glossary\/amor-esencial\/\"  role=\"term\" class=\"glossaryLink glossary-link-title \"   style=\"\"   itemprop=\"url\"  aria-describedby=\"tt\" data-cmtooltip=\"cmtt_884ef9028ac729a9e37aa31c4e8a7f29\"><span itemprop=\"name\">Amor Esencial<\/span><\/a><dfn class=\"glossary_itemdesc\" role=\"definition\"  itemprop=\"description\" >Describe la misma cualidad natural que subyace a nuestros estados de humor y nuestras emociones cambiantes. Un bienestar b\u00e1sico, una calidez. El t\u00e9rmino se emplea en contraste con el \u201camor expresado\u201d para enfatizar la diferencia entre el amor que se enfoca hacia afuera y se expresa, y el que(...)<\/dfn><\/li><li class=\"\"  itemscope itemtype=\"https:\/\/schema.org\/DefinedTerm\" ><a href=\"https:\/\/fullybeing.org\/es\/glossary\/aquietar-la-mente\/\"  role=\"term\" class=\"glossaryLink glossary-link-title \"   style=\"\"   itemprop=\"url\"  aria-describedby=\"tt\" data-cmtooltip=\"cmtt_c158eaa130680431e0b014f661f7b203\"><span itemprop=\"name\">Aquietar la Mente<\/span><\/a><dfn class=\"glossary_itemdesc\" role=\"definition\"  itemprop=\"description\" >El t\u00e9rmino tibetano \u201cshin\u00e9\u201d, que significa literalmente \u201cdescansar pac\u00edficamente\u201d, es equivalente a la palabra s\u00e1nscrita \u201cshamatha\u201d. Estos t\u00e9rminos aparecen en este m\u00f3dulo, igual que \u201ccalma mental,\u201d una traducci\u00f3n cl\u00e1sica de \u201cshamatha\u201d. Tambi\u00e9n encontrar\u00e1s los t\u00e9rminos \u201cconcentraci\u00f3n\u201d y(...)<\/dfn><\/li><li class=\"\"  itemscope itemtype=\"https:\/\/schema.org\/DefinedTerm\" ><a href=\"https:\/\/fullybeing.org\/es\/glossary\/bindu\/\"  role=\"term\" class=\"glossaryLink glossary-link-title \"   style=\"\"   itemprop=\"url\"  aria-describedby=\"tt\" data-cmtooltip=\"cmtt_6db52c9d8c3012c9d49e679121ebcb9e\"><span itemprop=\"name\">Bindu<\/span><\/a><dfn class=\"glossary_itemdesc\" role=\"definition\"  itemprop=\"description\" >\u201cGotas\u201d, \u201csemillas\u201d y \u201cesencias\u201d son todas traducciones de \u201cbindu\u201d o \u201ctigl\u00e9\u201d, y se refieren a las energ\u00edas generativas vitales que idealmente fluyen por el cuerpo, y est\u00e1n asociadas a experiencias de gozo, claridad, coraje, inspiraci\u00f3n, jugosidad, humor y amor esencial.<\/dfn><\/li><li class=\"\"  itemscope itemtype=\"https:\/\/schema.org\/DefinedTerm\" ><a href=\"https:\/\/fullybeing.org\/es\/glossary\/claridad-basica-lucidez\/\"  role=\"term\" class=\"glossaryLink glossary-link-title \"   style=\"\"   itemprop=\"url\"  aria-describedby=\"tt\" data-cmtooltip=\"cmtt_eaf81e6207134278fbbbc360d1bb346c\"><span itemprop=\"name\">Claridad B\u00e1sica\/Lucidez<\/span><\/a><dfn class=\"glossary_itemdesc\" role=\"definition\"  itemprop=\"description\" >Rinpoche normalmente llama a esto \u201cclaridad\u201d y es el hogar b\u00e1sico o fundamento de la naturaleza de la mente. Como sustancia b\u00e1sica de la mente, informa el conocimiento, el pensar y la presencia mental.<\/dfn><\/li><li class=\"\"  itemscope itemtype=\"https:\/\/schema.org\/DefinedTerm\" ><a href=\"https:\/\/fullybeing.org\/es\/glossary\/compasion\/\"  role=\"term\" class=\"glossaryLink glossary-link-title \"   style=\"\"   itemprop=\"url\"  aria-describedby=\"tt\" data-cmtooltip=\"cmtt_0e790afd30ae5f725b25b4e05c6e9c91\"><span itemprop=\"name\">Compasi\u00f3n<\/span><\/a><dfn class=\"glossary_itemdesc\" role=\"definition\"  itemprop=\"description\" >El deseo de que todos los seres est\u00e9n libres del sufrimiento y de sus causas.<\/dfn><\/li><li class=\"\"  itemscope itemtype=\"https:\/\/schema.org\/DefinedTerm\" ><a href=\"https:\/\/fullybeing.org\/es\/glossary\/conocer\/\"  role=\"term\" class=\"glossaryLink glossary-link-title \"   style=\"\"   itemprop=\"url\"  aria-describedby=\"tt\" data-cmtooltip=\"cmtt_ea163de91f2fb1de127f6466c392073f\"><span itemprop=\"name\">Conocer<\/span><\/a><dfn class=\"glossary_itemdesc\" role=\"definition\"  itemprop=\"description\" >Es una aprehensi\u00f3n directa e inmediata de un objeto sensorial. Por ejemplo, vemos una flor e inmediatamente, sin pensar, sabemos que es una flor. No hay pensamiento ni reflexi\u00f3n aqu\u00ed. Sucede autom\u00e1ticamente.<\/dfn><\/li><li class=\"\"  itemscope itemtype=\"https:\/\/schema.org\/DefinedTerm\" ><a href=\"https:\/\/fullybeing.org\/es\/glossary\/cuatro-formas-de-ver\/\"  role=\"term\" class=\"glossaryLink glossary-link-title \"   style=\"\"   itemprop=\"url\"  aria-describedby=\"tt\" data-cmtooltip=\"cmtt_e5a50ba145c1d0ddb660434323dd712a\"><span itemprop=\"name\">Cuatro Formas de Ver<\/span><\/a><dfn class=\"glossary_itemdesc\" role=\"definition\"  itemprop=\"description\" >Una traducci\u00f3n de la palabra Tibetana \"sal-wa\". A veces tambi\u00e9n es traducida como cognici\u00f3n, lucidez, claridad b\u00e1sica y cualidad del despertar. Este \"sal-wa\" es el material crudo de todos nuestros estados mentales, incluyendo las primeras tres cualidades introducidas por Rinpoche\u2014conocer,(...)<\/dfn><\/li><li class=\"\"  itemscope itemtype=\"https:\/\/schema.org\/DefinedTerm\" ><a href=\"https:\/\/fullybeing.org\/es\/glossary\/cuatro-inconmensurables\/\"  role=\"term\" class=\"glossaryLink glossary-link-title \"   style=\"\"   itemprop=\"url\"  aria-describedby=\"tt\" data-cmtooltip=\"cmtt_833629e7f22030dd52b5d9859360a2d1\"><span itemprop=\"name\">Cuatro Inconmensurables<\/span><\/a><dfn class=\"glossary_itemdesc\" role=\"definition\"  itemprop=\"description\" >Los Cuatro Inconmensurables\r\n\r\n \tEcuanimidad es el deseo de que todos puedan estar libres de apego hacia algunas personas y de aversi\u00f3n hacia otras. Es una actitud libre de preferencias.\r\n \tAmor es el deseo de que todos puedan tener felicidad y las causas de la felicidad.\r\n \tCompasi\u00f3n es el(...)<\/dfn><\/li><li class=\"\"  itemscope itemtype=\"https:\/\/schema.org\/DefinedTerm\" ><a href=\"https:\/\/fullybeing.org\/es\/glossary\/cuerpo-sutil\/\"  role=\"term\" class=\"glossaryLink glossary-link-title \"   style=\"\"   itemprop=\"url\"  aria-describedby=\"tt\" data-cmtooltip=\"cmtt_d948cafa1c63a6bc5c1d9bea6668b27c\"><span itemprop=\"name\">Cuerpo Sutil<\/span><\/a><dfn class=\"glossary_itemdesc\" role=\"definition\"  itemprop=\"description\" >Se refiere a nuestra fisiolog\u00eda energ\u00e9tica sutil, que conecta nuestro cuerpo f\u00edsico con nuestra mente pensante. El cuerpo sutil est\u00e1 relacionado con como nos sentimos, por ejemplo ap\u00e1ticos o inspirados.<\/dfn><\/li><li class=\"\"  itemscope itemtype=\"https:\/\/schema.org\/DefinedTerm\" ><a href=\"https:\/\/fullybeing.org\/es\/glossary\/ecuanimidad\/\"  role=\"term\" class=\"glossaryLink glossary-link-title \"   style=\"\"   itemprop=\"url\"  aria-describedby=\"tt\" data-cmtooltip=\"cmtt_5b41665d752eeb5ea9c0af864f67d9da\"><span itemprop=\"name\">Ecuanimidad<\/span><\/a><dfn class=\"glossary_itemdesc\" role=\"definition\"  itemprop=\"description\" >El deseo de que todos los seres puedan estar libres de apego hacia algunas personas y aversi\u00f3n hacia otras. Es una actitud libre de preferencias.<\/dfn><\/li><li class=\"\"  itemscope itemtype=\"https:\/\/schema.org\/DefinedTerm\" ><a href=\"https:\/\/fullybeing.org\/es\/glossary\/expresiones\/\"  role=\"term\" class=\"glossaryLink glossary-link-title \"   style=\"\"   itemprop=\"url\"  aria-describedby=\"tt\" data-cmtooltip=\"cmtt_b43769dc29c2a4c260abde54ab0db199\"><span itemprop=\"name\">Expresiones<\/span><\/a><dfn class=\"glossary_itemdesc\" role=\"definition\"  itemprop=\"description\" >Los t\u00e9rminos \u201ccualidades\u201d, \u201cdespliegue\u201d, o \u201cexpresiones\u201d se emplean a menudo en las tradiciones espirituales para se\u00f1alar los frutos o los resultados de nuestra pr\u00e1ctica. Por ejemplo, si practicamos la meditaci\u00f3n del amor altruista comprometidamente, con el tiempo encontraremos que nos hemos(...)<\/dfn><\/li><li class=\"\"  itemscope itemtype=\"https:\/\/schema.org\/DefinedTerm\" ><a href=\"https:\/\/fullybeing.org\/es\/glossary\/insight-vision\/\"  role=\"term\" class=\"glossaryLink glossary-link-title \"   style=\"\"   itemprop=\"url\"  aria-describedby=\"tt\" data-cmtooltip=\"cmtt_9d1ee6c47f908a070a72ced4f9e44953\"><span itemprop=\"name\">Insight\/Visi\u00f3n<\/span><\/a><dfn class=\"glossary_itemdesc\" role=\"definition\"  itemprop=\"description\" >En el m\u00f3dulo sobre el insight o la visi\u00f3n, Rinpoche emplea una variedad de t\u00e9rminos para referirse al proceso de la investigaci\u00f3n y a su resultado, que es el insight, la visi\u00f3n, o la sabidur\u00eda. \u201cVipassana\u201d que significa literalmente \u201cvisi\u00f3n elevada\u201d, es un t\u00e9rmino cl\u00e1sico en todas las(...)<\/dfn><\/li><li class=\"\"  itemscope itemtype=\"https:\/\/schema.org\/DefinedTerm\" ><a href=\"https:\/\/fullybeing.org\/es\/glossary\/interdependencia\/\"  role=\"term\" class=\"glossaryLink glossary-link-title \"   style=\"\"   itemprop=\"url\"  aria-describedby=\"tt\" data-cmtooltip=\"cmtt_0319753024fa9c299fec97e502da462b\"><span itemprop=\"name\">Interdependencia<\/span><\/a><dfn class=\"glossary_itemdesc\" role=\"definition\"  itemprop=\"description\" >Toda experiencia surge de causas y condiciones previas; todo (lo mental y lo f\u00edsico) es mutuamente dependiente y co-emerge con otras cosas.<\/dfn><\/li><li class=\"\"  itemscope itemtype=\"https:\/\/schema.org\/DefinedTerm\" ><a href=\"https:\/\/fullybeing.org\/es\/glossary\/lama\/\"  role=\"term\" class=\"glossaryLink glossary-link-title \"   style=\"\"   itemprop=\"url\"  aria-describedby=\"tt\" data-cmtooltip=\"cmtt_3bb0a6731431b71364a29dee82c6d104\"><span itemprop=\"name\">Lama<\/span><\/a><dfn class=\"glossary_itemdesc\" role=\"definition\"  itemprop=\"description\" >Tradicionalmente \u201clama\u201d se refiere a un gu\u00eda o mentor espiritual calificado.<\/dfn><\/li><li class=\"\"  itemscope itemtype=\"https:\/\/schema.org\/DefinedTerm\" ><a href=\"https:\/\/fullybeing.org\/es\/glossary\/monstruos\/\"  role=\"term\" class=\"glossaryLink glossary-link-title \"   style=\"\"   itemprop=\"url\"  aria-describedby=\"tt\" data-cmtooltip=\"cmtt_802c50500c29e7e67583a5ac32b2e68b\"><span itemprop=\"name\">Monstruos<\/span><\/a><dfn class=\"glossary_itemdesc\" role=\"definition\"  itemprop=\"description\" >Rinpoche llama a las sensaciones crudas, a las emociones y a las neurosis \u201cmonstruos bellos\u201d para as\u00ed reflejar su naturaleza compleja. En lugar de nuestras reacciones\u00a0 habituales de temor, resentimiento, rechazo o identificaci\u00f3n con nuestros monstruos bellos, aprendemos a darles la mano, para(...)<\/dfn><\/li><li class=\"\"  itemscope itemtype=\"https:\/\/schema.org\/DefinedTerm\" ><a href=\"https:\/\/fullybeing.org\/es\/glossary\/monstruos-bellos\/\"  role=\"term\" class=\"glossaryLink glossary-link-title \"   style=\"\"   itemprop=\"url\"  aria-describedby=\"tt\" data-cmtooltip=\"cmtt_9ecc5672cb41d991dbfa6442d912a09c\"><span itemprop=\"name\">Monstruos Bellos<\/span><\/a><dfn class=\"glossary_itemdesc\" role=\"definition\"  itemprop=\"description\" >Rinpoche llama a las sensaciones crudas, a las emociones y a las neurosis \u201cmonstruos bellos\u201d para as\u00ed reflejar su naturaleza compleja. En lugar de nuestras reacciones\u00a0 habituales de temor, resentimiento, rechazo o identificaci\u00f3n con nuestros monstruos bellos, aprendemos a darles la mano, a(...)<\/dfn><\/li><li class=\"\"  itemscope itemtype=\"https:\/\/schema.org\/DefinedTerm\" ><a href=\"https:\/\/fullybeing.org\/es\/glossary\/nadi\/\"  role=\"term\" class=\"glossaryLink glossary-link-title \"   style=\"\"   itemprop=\"url\"  aria-describedby=\"tt\" data-cmtooltip=\"cmtt_9d41e2b98c12c2add2bf6e968af954d1\"><span itemprop=\"name\">Nadi<\/span><\/a><dfn class=\"glossary_itemdesc\" role=\"definition\"  itemprop=\"description\" >Los \u201cnadis\u201d o \u201ccanales\u201d son los caminos energ\u00e9ticos a trav\u00e9s de los cuales el \u201cprana\u201d y los \u201cbindus\u201d se mueven en el cuerpo sutil.<\/dfn><\/li><li class=\"\"  itemscope itemtype=\"https:\/\/schema.org\/DefinedTerm\" ><a href=\"https:\/\/fullybeing.org\/es\/glossary\/pensar\/\"  role=\"term\" class=\"glossaryLink glossary-link-title \"   style=\"\"   itemprop=\"url\"  aria-describedby=\"tt\" data-cmtooltip=\"cmtt_4fb216e3dcfa4f401f8d14a5007c0a2a\"><span itemprop=\"name\">Pensar<\/span><\/a><dfn class=\"glossary_itemdesc\" role=\"definition\"  itemprop=\"description\" >Empleando el ejemplo de la flor, el acto de pensar implica alguna reflexi\u00f3n o an\u00e1lisis del objeto. Por ejemplo, podemos preguntar, \u201c\u00bfQui\u00e9n hizo este arreglo floral?\u201d, o \u201cNo me gusta este tipo de flor\u201d, o \u201cRecuerdo que a mi madre le gustaban las flores blancas\u201d, etc. Es algo m\u00e1s que simplemente(...)<\/dfn><\/li><li class=\"\"  itemscope itemtype=\"https:\/\/schema.org\/DefinedTerm\" ><a href=\"https:\/\/fullybeing.org\/es\/glossary\/prana\/\"  role=\"term\" class=\"glossaryLink glossary-link-title \"   style=\"\"   itemprop=\"url\"  aria-describedby=\"tt\" data-cmtooltip=\"cmtt_fbe884f7a929cc2536b3ea4d7daf8f83\"><span itemprop=\"name\">Prana<\/span><\/a><dfn class=\"glossary_itemdesc\" role=\"definition\"  itemprop=\"description\" >El t\u00e9rmino \u201cprana\u201d (\u201clung\u201d o \u201cenerg\u00eda acelerada\u201d o \u201cenerg\u00eda del viento\u201d) es importante, dado que\u00a0\u00a0las pr\u00e1cticas que se ense\u00f1an en el curso se enfocan sobre el trabajo con la energ\u00eda acelerada. Lung es b\u00e1sicamente equivalente al concepto\u00a0chino cl\u00e1sico del \u201cchi\u201d.<\/dfn><\/li><li class=\"\"  itemscope itemtype=\"https:\/\/schema.org\/DefinedTerm\" ><a href=\"https:\/\/fullybeing.org\/es\/glossary\/presencia-mental\/\"  role=\"term\" class=\"glossaryLink glossary-link-title \"   style=\"\"   itemprop=\"url\"  aria-describedby=\"tt\" data-cmtooltip=\"cmtt_5a0b4624f5518fbd0953e36866a35659\"><span itemprop=\"name\">Presencia Mental<\/span><\/a><dfn class=\"glossary_itemdesc\" role=\"definition\"  itemprop=\"description\" >El t\u00e9rmino tibetano para la presencia mental o el estar conscientes es ran rig, nuestra capacidad natural para la reflexi\u00f3n y la auto-consciencia. Podemos estar conscientes del proceso de conocer, percibir, o pensar mientras est\u00e1n ocurriendo. La presencia mental con mindfulness, tal como se(...)<\/dfn><\/li><li class=\"\"  itemscope itemtype=\"https:\/\/schema.org\/DefinedTerm\" ><a href=\"https:\/\/fullybeing.org\/es\/glossary\/punto-de-vista\/\"  role=\"term\" class=\"glossaryLink glossary-link-title \"   style=\"\"   itemprop=\"url\"  aria-describedby=\"tt\" data-cmtooltip=\"cmtt_2f492f7fdf7b9af402b2ca04be10372b\"><span itemprop=\"name\">Punto de Vista<\/span><\/a><dfn class=\"glossary_itemdesc\" role=\"definition\"  itemprop=\"description\" >El punto de vista depende de nuestro estado mental, por ende necesitamos saber qu\u00e9 es la mente. Hay dos aspectos de la mente\u2014la mente pensante y la esencia de la mente. Estos dos aspectos son como el agua y el hielo\u2014misma naturaleza, diferente forma. El agua tiene la posibilidad de convertirse(...)<\/dfn><\/li><li class=\"\"  itemscope itemtype=\"https:\/\/schema.org\/DefinedTerm\" ><a href=\"https:\/\/fullybeing.org\/es\/glossary\/soltar\/\"  role=\"term\" class=\"glossaryLink glossary-link-title \"   style=\"\"   itemprop=\"url\"  aria-describedby=\"tt\" data-cmtooltip=\"cmtt_eb8422e871f03e52cbd657bd64371f6a\"><span itemprop=\"name\">Soltar<\/span><\/a><dfn class=\"glossary_itemdesc\" role=\"definition\"  itemprop=\"description\" >Soltar es el fundamento para todas las pr\u00e1cticas de Fully Being.<\/dfn><\/li><\/ul><\/div><\/p>\n","protected":false},"excerpt":{"rendered":"<p>Los t\u00e9rminos del glosario est\u00e1n identificados a trav\u00e9s del sitio web con un subrayado tenue. Haz click en los t\u00e9rminos para ver una ventana emergente con su definici\u00f3n. [glosario]<\/p>\n","protected":false},"author":1,"featured_media":0,"parent":0,"menu_order":0,"comment_status":"closed","ping_status":"closed","template":"","meta":{"_acf_changed":false,"content-type":"","site-sidebar-layout":"default","site-content-layout":"default","ast-site-content-layout":"default","site-content-style":"default","site-sidebar-style":"default","ast-global-header-display":"","ast-banner-title-visibility":"","ast-main-header-display":"","ast-hfb-above-header-display":"","ast-hfb-below-header-display":"","ast-hfb-mobile-header-display":"","site-post-title":"","ast-breadcrumbs-content":"","ast-featured-img":"","footer-sml-layout":"","ast-disable-related-posts":"","theme-transparent-header-meta":"default","adv-header-id-meta":"","stick-header-meta":"","header-above-stick-meta":"","header-main-stick-meta":"","header-below-stick-meta":"","astra-migrate-meta-layouts":"default","ast-page-background-enabled":"default","ast-page-background-meta":{"desktop":{"background-color":"","background-image":"","background-repeat":"repeat","background-position":"center center","background-size":"auto","background-attachment":"scroll","background-type":"","background-media":"","overlay-type":"","overlay-color":"","overlay-opacity":"","overlay-gradient":""},"tablet":{"background-color":"","background-image":"","background-repeat":"repeat","background-position":"center center","background-size":"auto","background-attachment":"scroll","background-type":"","background-media":"","overlay-type":"","overlay-color":"","overlay-opacity":"","overlay-gradient":""},"mobile":{"background-color":"","background-image":"","background-repeat":"repeat","background-position":"center center","background-size":"auto","background-attachment":"scroll","background-type":"","background-media":"","overlay-type":"","overlay-color":"","overlay-opacity":"","overlay-gradient":""}},"ast-content-background-meta":{"desktop":{"background-color":"var(--ast-global-color-5)","background-image":"","background-repeat":"repeat","background-position":"center center","background-size":"auto","background-attachment":"scroll","background-type":"","background-media":"","overlay-type":"","overlay-color":"","overlay-opacity":"","overlay-gradient":""},"tablet":{"background-color":"var(--ast-global-color-5)","background-image":"","background-repeat":"repeat","background-position":"center center","background-size":"auto","background-attachment":"scroll","background-type":"","background-media":"","overlay-type":"","overlay-color":"","overlay-opacity":"","overlay-gradient":""},"mobile":{"background-color":"var(--ast-global-color-5)","background-image":"","background-repeat":"repeat","background-position":"center center","background-size":"auto","background-attachment":"scroll","background-type":"","background-media":"","overlay-type":"","overlay-color":"","overlay-opacity":"","overlay-gradient":""}},"footnotes":""},"class_list":["post-23103","page","type-page","status-publish","hentry"],"acf":[],"_links":{"self":[{"href":"https:\/\/fullybeing.org\/es\/wp-json\/wp\/v2\/pages\/23103","targetHints":{"allow":["GET"]}}],"collection":[{"href":"https:\/\/fullybeing.org\/es\/wp-json\/wp\/v2\/pages"}],"about":[{"href":"https:\/\/fullybeing.org\/es\/wp-json\/wp\/v2\/types\/page"}],"author":[{"embeddable":true,"href":"https:\/\/fullybeing.org\/es\/wp-json\/wp\/v2\/users\/1"}],"replies":[{"embeddable":true,"href":"https:\/\/fullybeing.org\/es\/wp-json\/wp\/v2\/comments?post=23103"}],"version-history":[{"count":0,"href":"https:\/\/fullybeing.org\/es\/wp-json\/wp\/v2\/pages\/23103\/revisions"}],"wp:attachment":[{"href":"https:\/\/fullybeing.org\/es\/wp-json\/wp\/v2\/media?parent=23103"}],"curies":[{"name":"wp","href":"https:\/\/api.w.org\/{rel}","templated":true}]}}