{"id":22867,"date":"2019-12-09T03:26:46","date_gmt":"2019-12-09T10:26:46","guid":{"rendered":"https:\/\/fullybeing.org\/acerca-de-ser-plenamente\/"},"modified":"2023-08-07T11:40:33","modified_gmt":"2023-08-07T17:40:33","slug":"acerca-de-ser-plenamente","status":"publish","type":"page","link":"https:\/\/fullybeing.org\/es\/acerca-de-ser-plenamente\/","title":{"rendered":"Acerca de Ser Plenamente"},"content":{"rendered":"\t\t<div data-elementor-type=\"wp-page\" data-elementor-id=\"22867\" class=\"elementor elementor-22867 elementor-1593\" data-elementor-post-type=\"page\">\n\t\t\t\t\t\t<section data-particle_enable=\"false\" data-particle-mobile-disabled=\"false\" class=\"elementor-section elementor-top-section elementor-element elementor-element-4b2154f1 elementor-section-boxed elementor-section-height-default elementor-section-height-default\" data-id=\"4b2154f1\" data-element_type=\"section\" data-e-type=\"section\">\n\t\t\t\t\t\t<div class=\"elementor-container elementor-column-gap-default\">\n\t\t\t\t\t<div class=\"elementor-column elementor-col-100 elementor-top-column elementor-element elementor-element-11e46620\" data-id=\"11e46620\" data-element_type=\"column\" data-e-type=\"column\">\n\t\t\t<div class=\"elementor-widget-wrap elementor-element-populated\">\n\t\t\t\t\t\t<div class=\"elementor-element elementor-element-5a29b94a elementor-widget elementor-widget-text-editor\" data-id=\"5a29b94a\" data-element_type=\"widget\" data-e-type=\"widget\" data-widget_type=\"text-editor.default\">\n\t\t\t\t<div class=\"elementor-widget-container\">\n\t\t\t\t\t\t\t\t\t<h3><em>&#8220;Eres perfecto tal como eres\u2014y una mejora no te vendr\u00eda mal.&#8221; ~ Suzuki Roshi<\/em><\/h3>\n\t\t\t\t\t\t\t\t<\/div>\n\t\t\t\t<\/div>\n\t\t\t\t<div class=\"elementor-element elementor-element-4cd7ced elementor-widget elementor-widget-text-editor\" data-id=\"4cd7ced\" data-element_type=\"widget\" data-e-type=\"widget\" data-widget_type=\"text-editor.default\">\n\t\t\t\t<div class=\"elementor-widget-container\">\n\t\t\t\t\t\t\t\t\t<p>La inspiraci\u00f3n, el dise\u00f1o y la belleza de este curso es el fruto de la visi\u00f3n, la investigaci\u00f3n y el esfuerzo puesto por Tsoknyi Rinpoche al ense\u00f1ar alrededor del mundo. Estos cursos virtuales fueron preparados con mucho amor por un equipo de estudiantes de Rinpoche, bajo su constante asesoramiento y gu\u00eda. El proceso llev\u00f3 varios a\u00f1os: desde las reuniones iniciales con Rinpoche para esclarecer la columna vertebral del curso, hasta las miles de horas pasadas revisando y cortando videos, meses de escribir material de apoyo, nuevas producciones de video, dise\u00f1o y desarrollo de la p\u00e1gina web, subt\u00edtulos, edici\u00f3n final, correcciones, y una bendici\u00f3n por parte de Rinpoche. Muchos voluntarios tambi\u00e9n ofrecieron consejos muy valiosos que mejoraron el curso. Queremos agradecerle a cada una de las personas entre las docenas que contribuyeron su tiempo, energ\u00eda, habilidades y expertise para traer este proyecto a su terminaci\u00f3n. No hubiera sido posible sin un esfuerzo de equipo.<\/p>\n<p>Queremos agradecer (sin un orden espec\u00edfico) especialmente a: Tsoknyi Rinpoche, Esteban and Tressa Hollander, Adam Kane, Douglas Beechwood, Catherine Hollander, Gerardo Abboud, Susan Skellenger, Deborah Easley, James Terburg, Babo Harrison, Patrick Hammond, Justin Walden, Nataraja Kallio, Christine Dupre, Saralee Kane, Damien Hoffman, John Makransky, Pedro Beroy, Kevin Wiley, Leandro Chernikoff, Daniela Labra, Mark Kane, Leonard Hortick, Stephanie Selden, Hassan Niwaz, Myoshin Kelley, Cortland Dahl, Danny and Tara Goleman, Sharon Salzberg, Brady Hogan, Spafford Ackerly and Jeanne Lasko.<\/p>\n\t\t\t\t\t\t\t\t<\/div>\n\t\t\t\t<\/div>\n\t\t\t\t\t<\/div>\n\t\t<\/div>\n\t\t\t\t\t<\/div>\n\t\t<\/section>\n\t\t\t\t<section data-particle_enable=\"false\" data-particle-mobile-disabled=\"false\" class=\"elementor-section elementor-top-section elementor-element elementor-element-252ce53 elementor-section-boxed elementor-section-height-default elementor-section-height-default\" data-id=\"252ce53\" data-element_type=\"section\" data-e-type=\"section\">\n\t\t\t\t\t\t<div class=\"elementor-container elementor-column-gap-default\">\n\t\t\t\t\t<div class=\"elementor-column elementor-col-100 elementor-top-column elementor-element elementor-element-7084eff\" data-id=\"7084eff\" data-element_type=\"column\" data-e-type=\"column\">\n\t\t\t<div class=\"elementor-widget-wrap elementor-element-populated\">\n\t\t\t\t\t\t<div class=\"elementor-element elementor-element-72a7a3f elementor-widget-divider--view-line elementor-widget elementor-widget-divider\" data-id=\"72a7a3f\" data-element_type=\"widget\" data-e-type=\"widget\" data-widget_type=\"divider.default\">\n\t\t\t\t<div class=\"elementor-widget-container\">\n\t\t\t\t\t\t\t<div class=\"elementor-divider\">\n\t\t\t<span class=\"elementor-divider-separator\">\n\t\t\t\t\t\t<\/span>\n\t\t<\/div>\n\t\t\t\t\t\t<\/div>\n\t\t\t\t<\/div>\n\t\t\t\t<div class=\"elementor-element elementor-element-ee15f92 elementor-widget elementor-widget-text-editor\" data-id=\"ee15f92\" data-element_type=\"widget\" data-e-type=\"widget\" data-widget_type=\"text-editor.default\">\n\t\t\t\t<div class=\"elementor-widget-container\">\n\t\t\t\t\t\t\t\t\t<p>Ser Plenamente es un proyecto de <a href=\"https:\/\/tsoknyirinpoche.org\/about-us\/\" target=\"_blank\" rel=\"noopener\">Pundarika Foundation<\/a>, una organizaci\u00f3n 501(c)3 sin fines de lucro registrada con el Servicio de Impuestos Internos, Estados Unidos.<\/p>\n\t\t\t\t\t\t\t\t<\/div>\n\t\t\t\t<\/div>\n\t\t\t\t\t<\/div>\n\t\t<\/div>\n\t\t\t\t\t<\/div>\n\t\t<\/section>\n\t\t\t\t<\/div>\n\t\t","protected":false},"excerpt":{"rendered":"<p>&#8220;Eres perfecto tal como eres\u2014y una mejora no te vendr\u00eda mal.&#8221; ~ Suzuki Roshi La inspiraci\u00f3n, el dise\u00f1o y la belleza de este curso es el fruto de la visi\u00f3n, la investigaci\u00f3n y el esfuerzo puesto por Tsoknyi Rinpoche al ense\u00f1ar alrededor del mundo. Estos cursos virtuales fueron preparados con mucho amor por un equipo [&hellip;]<\/p>\n","protected":false},"author":1,"featured_media":0,"parent":0,"menu_order":0,"comment_status":"closed","ping_status":"closed","template":"","meta":{"_acf_changed":false,"content-type":"","site-sidebar-layout":"default","site-content-layout":"default","ast-site-content-layout":"default","site-content-style":"default","site-sidebar-style":"default","ast-global-header-display":"","ast-banner-title-visibility":"","ast-main-header-display":"","ast-hfb-above-header-display":"","ast-hfb-below-header-display":"","ast-hfb-mobile-header-display":"","site-post-title":"","ast-breadcrumbs-content":"","ast-featured-img":"","footer-sml-layout":"","ast-disable-related-posts":"","theme-transparent-header-meta":"default","adv-header-id-meta":"","stick-header-meta":"","header-above-stick-meta":"","header-main-stick-meta":"","header-below-stick-meta":"","astra-migrate-meta-layouts":"default","ast-page-background-enabled":"default","ast-page-background-meta":{"desktop":{"background-color":"","background-image":"","background-repeat":"repeat","background-position":"center center","background-size":"auto","background-attachment":"scroll","background-type":"","background-media":"","overlay-type":"","overlay-color":"","overlay-opacity":"","overlay-gradient":""},"tablet":{"background-color":"","background-image":"","background-repeat":"repeat","background-position":"center center","background-size":"auto","background-attachment":"scroll","background-type":"","background-media":"","overlay-type":"","overlay-color":"","overlay-opacity":"","overlay-gradient":""},"mobile":{"background-color":"","background-image":"","background-repeat":"repeat","background-position":"center center","background-size":"auto","background-attachment":"scroll","background-type":"","background-media":"","overlay-type":"","overlay-color":"","overlay-opacity":"","overlay-gradient":""}},"ast-content-background-meta":{"desktop":{"background-color":"var(--ast-global-color-5)","background-image":"","background-repeat":"repeat","background-position":"center center","background-size":"auto","background-attachment":"scroll","background-type":"","background-media":"","overlay-type":"","overlay-color":"","overlay-opacity":"","overlay-gradient":""},"tablet":{"background-color":"var(--ast-global-color-5)","background-image":"","background-repeat":"repeat","background-position":"center center","background-size":"auto","background-attachment":"scroll","background-type":"","background-media":"","overlay-type":"","overlay-color":"","overlay-opacity":"","overlay-gradient":""},"mobile":{"background-color":"var(--ast-global-color-5)","background-image":"","background-repeat":"repeat","background-position":"center center","background-size":"auto","background-attachment":"scroll","background-type":"","background-media":"","overlay-type":"","overlay-color":"","overlay-opacity":"","overlay-gradient":""}},"footnotes":""},"class_list":["post-22867","page","type-page","status-publish","hentry"],"acf":[],"_links":{"self":[{"href":"https:\/\/fullybeing.org\/es\/wp-json\/wp\/v2\/pages\/22867","targetHints":{"allow":["GET"]}}],"collection":[{"href":"https:\/\/fullybeing.org\/es\/wp-json\/wp\/v2\/pages"}],"about":[{"href":"https:\/\/fullybeing.org\/es\/wp-json\/wp\/v2\/types\/page"}],"author":[{"embeddable":true,"href":"https:\/\/fullybeing.org\/es\/wp-json\/wp\/v2\/users\/1"}],"replies":[{"embeddable":true,"href":"https:\/\/fullybeing.org\/es\/wp-json\/wp\/v2\/comments?post=22867"}],"version-history":[{"count":0,"href":"https:\/\/fullybeing.org\/es\/wp-json\/wp\/v2\/pages\/22867\/revisions"}],"wp:attachment":[{"href":"https:\/\/fullybeing.org\/es\/wp-json\/wp\/v2\/media?parent=22867"}],"curies":[{"name":"wp","href":"https:\/\/api.w.org\/{rel}","templated":true}]}}